{"id":232,"date":"2025-02-05T00:52:25","date_gmt":"2025-02-04T23:52:25","guid":{"rendered":"https:\/\/avence.es\/?page_id=232"},"modified":"2025-07-08T16:06:39","modified_gmt":"2025-07-08T14:06:39","slug":"sindrome-congestivo-pelvico","status":"publish","type":"page","link":"https:\/\/avence.es\/en\/sindrome-congestivo-pelvico\/","title":{"rendered":"Congestive pelvic syndrome"},"content":{"rendered":"<div data-elementor-type=\"wp-page\" data-elementor-id=\"232\" class=\"elementor elementor-232\" data-elementor-post-type=\"page\">\n\t\t\t\t\t\t<section class=\"elementor-section elementor-top-section elementor-element elementor-element-7c7e4f4 elementor-section-boxed elementor-section-height-default elementor-section-height-default\" data-id=\"7c7e4f4\" data-element_type=\"section\" data-e-type=\"section\" data-settings=\"{&quot;background_background&quot;:&quot;classic&quot;}\">\n\t\t\t\t\t\t\t<div class=\"elementor-background-overlay\"><\/div>\n\t\t\t\t\t\t\t<div class=\"elementor-container elementor-column-gap-default\">\n\t\t\t\t\t<div class=\"elementor-column elementor-col-100 elementor-top-column elementor-element elementor-element-d74e169\" data-id=\"d74e169\" data-element_type=\"column\" data-e-type=\"column\">\n\t\t\t<div class=\"elementor-widget-wrap elementor-element-populated\">\n\t\t\t\t\t\t<div class=\"elementor-element elementor-element-4ea051c elementor-invisible elementor-widget elementor-widget-heading\" data-id=\"4ea051c\" data-element_type=\"widget\" data-e-type=\"widget\" data-settings=\"{&quot;_animation&quot;:&quot;fadeInUp&quot;}\" data-widget_type=\"heading.default\">\n\t\t\t\t<div class=\"elementor-widget-container\">\n\t\t\t\t\t<h1 class=\"elementor-heading-title elementor-size-default\">Congestive pelvic syndrome<\/h1>\t\t\t\t<\/div>\n\t\t\t\t<\/div>\n\t\t\t\t\t<\/div>\n\t\t<\/div>\n\t\t\t\t\t<\/div>\n\t\t<\/section>\n\t\t<div class=\"elementor-element elementor-element-98f8db6 e-flex e-con-boxed e-con e-parent\" data-id=\"98f8db6\" data-element_type=\"container\" data-e-type=\"container\" data-settings=\"{&quot;background_background&quot;:&quot;classic&quot;}\">\n\t\t\t\t\t<div class=\"e-con-inner\">\n\t\t<div class=\"elementor-element elementor-element-3bd912e e-con-full e-flex e-con e-child\" data-id=\"3bd912e\" data-element_type=\"container\" data-e-type=\"container\" data-settings=\"{&quot;background_background&quot;:&quot;classic&quot;}\">\n\t\t\t\t<div class=\"elementor-element elementor-element-950ba26 elementor-widget elementor-widget-image\" data-id=\"950ba26\" data-element_type=\"widget\" data-e-type=\"widget\" data-widget_type=\"image.default\">\n\t\t\t\t<div class=\"elementor-widget-container\">\n\t\t\t\t\t\t\t\t\t\t\t\t\t\t\t<img fetchpriority=\"high\" decoding=\"async\" width=\"500\" height=\"900\" src=\"https:\/\/avence.es\/wp-content\/uploads\/2025\/02\/SINDROME-COGESTIVO-PELVICO.jpg\" class=\"attachment-full size-full wp-image-323\" alt=\"\" srcset=\"https:\/\/avence.es\/wp-content\/uploads\/2025\/02\/SINDROME-COGESTIVO-PELVICO.jpg 500w, https:\/\/avence.es\/wp-content\/uploads\/2025\/02\/SINDROME-COGESTIVO-PELVICO-167x300.jpg 167w\" sizes=\"(max-width: 500px) 100vw, 500px\" \/>\t\t\t\t\t\t\t\t\t\t\t\t\t\t\t<\/div>\n\t\t\t\t<\/div>\n\t\t\t\t<\/div>\n\t\t<div class=\"elementor-element elementor-element-1d65b76 e-con-full e-flex e-con e-child\" data-id=\"1d65b76\" data-element_type=\"container\" data-e-type=\"container\">\n\t\t\t\t<div class=\"elementor-element elementor-element-60f003d elementor-invisible elementor-widget elementor-widget-text-editor\" data-id=\"60f003d\" data-element_type=\"widget\" data-e-type=\"widget\" data-settings=\"{&quot;_animation&quot;:&quot;fadeInUp&quot;}\" data-widget_type=\"text-editor.default\">\n\t\t\t\t<div class=\"elementor-widget-container\">\n\t\t\t\t\t\t\t\t\t<p>About the pathology<\/p>\t\t\t\t\t\t\t\t<\/div>\n\t\t\t\t<\/div>\n\t\t\t\t<div class=\"elementor-element elementor-element-c24b517 elementor-invisible elementor-widget elementor-widget-heading\" data-id=\"c24b517\" data-element_type=\"widget\" data-e-type=\"widget\" data-settings=\"{&quot;_animation&quot;:&quot;fadeInUp&quot;}\" data-widget_type=\"heading.default\">\n\t\t\t\t<div class=\"elementor-widget-container\">\n\t\t\t\t\t<h2 class=\"elementor-heading-title elementor-size-default\">What is it about?<\/h2>\t\t\t\t<\/div>\n\t\t\t\t<\/div>\n\t\t\t\t<div class=\"elementor-element elementor-element-de7d90f elementor-invisible elementor-widget elementor-widget-text-editor\" data-id=\"de7d90f\" data-element_type=\"widget\" data-e-type=\"widget\" data-settings=\"{&quot;_animation&quot;:&quot;fadeInUp&quot;,&quot;_animation_delay&quot;:200}\" data-widget_type=\"text-editor.default\">\n\t\t\t\t<div class=\"elementor-widget-container\">\n\t\t\t\t\t\t\t\t\t<p><span style=\"font-weight: 400;\">As explained in the pathology section, pelvic congestion is caused by \"symptomatic\" varicose veins in the lower abdomen, around the uterus and ovaries.<\/span><\/p>\t\t\t\t\t\t\t\t<\/div>\n\t\t\t\t<\/div>\n\t\t\t\t<div class=\"elementor-element elementor-element-8f4adf2 elementor-position-inline-start elementor-tablet-position-block-start elementor-view-default elementor-mobile-position-block-start elementor-widget elementor-widget-icon-box\" data-id=\"8f4adf2\" data-element_type=\"widget\" data-e-type=\"widget\" data-widget_type=\"icon-box.default\">\n\t\t\t\t<div class=\"elementor-widget-container\">\n\t\t\t\t\t\t\t<div class=\"elementor-icon-box-wrapper\">\n\n\t\t\t\t\t\t<div class=\"elementor-icon-box-icon\">\n\t\t\t\t<span  class=\"elementor-icon\">\n\t\t\t\t<svg aria-hidden=\"true\" class=\"e-font-icon-svg e-fas-check-circle\" viewbox=\"0 0 512 512\" xmlns=\"http:\/\/www.w3.org\/2000\/svg\"><path d=\"M504 256c0 136.967-111.033 248-248 248S8 392.967 8 256 119.033 8 256 8s248 111.033 248 248zM227.314 387.314l184-184c6.248-6.248 6.248-16.379 0-22.627l-22.627-22.627c-6.248-6.249-16.379-6.249-22.628 0L216 308.118l-70.059-70.059c-6.248-6.248-16.379-6.248-22.628 0l-22.627 22.627c-6.248 6.248-6.248 16.379 0 22.627l104 104c6.249 6.249 16.379 6.249 22.628.001z\"><\/path><\/svg>\t\t\t\t<\/span>\n\t\t\t<\/div>\n\t\t\t\n\t\t\t\t\t\t<div class=\"elementor-icon-box-content\">\n\n\t\t\t\t\n\t\t\t\t\t\t\t\t\t<p class=\"elementor-icon-box-description\">\n\t\t\t\t\t\tSometimes these varicose veins are the leakage point for varicose veins in the legs.\t\t\t\t\t<\/p>\n\t\t\t\t\n\t\t\t<\/div>\n\t\t\t\n\t\t<\/div>\n\t\t\t\t\t\t<\/div>\n\t\t\t\t<\/div>\n\t\t\t\t<div class=\"elementor-element elementor-element-294526f elementor-position-inline-start elementor-tablet-position-block-start elementor-view-default elementor-mobile-position-block-start elementor-widget elementor-widget-icon-box\" data-id=\"294526f\" data-element_type=\"widget\" data-e-type=\"widget\" data-widget_type=\"icon-box.default\">\n\t\t\t\t<div class=\"elementor-widget-container\">\n\t\t\t\t\t\t\t<div class=\"elementor-icon-box-wrapper\">\n\n\t\t\t\t\t\t<div class=\"elementor-icon-box-icon\">\n\t\t\t\t<span  class=\"elementor-icon\">\n\t\t\t\t<svg aria-hidden=\"true\" class=\"e-font-icon-svg e-fas-check-circle\" viewbox=\"0 0 512 512\" xmlns=\"http:\/\/www.w3.org\/2000\/svg\"><path d=\"M504 256c0 136.967-111.033 248-248 248S8 392.967 8 256 119.033 8 256 8s248 111.033 248 248zM227.314 387.314l184-184c6.248-6.248 6.248-16.379 0-22.627l-22.627-22.627c-6.248-6.249-16.379-6.249-22.628 0L216 308.118l-70.059-70.059c-6.248-6.248-16.379-6.248-22.628 0l-22.627 22.627c-6.248 6.248-6.248 16.379 0 22.627l104 104c6.249 6.249 16.379 6.249 22.628.001z\"><\/path><\/svg>\t\t\t\t<\/span>\n\t\t\t<\/div>\n\t\t\t\n\t\t\t\t\t\t<div class=\"elementor-icon-box-content\">\n\n\t\t\t\t\n\t\t\t\t\t\t\t\t\t<p class=\"elementor-icon-box-description\">\n\t\t\t\t\t\t\nCorrectly identifying the leakage point is essential for effective and long-lasting treatment of varicose veins.\t\t\t\t\t<\/p>\n\t\t\t\t\n\t\t\t<\/div>\n\t\t\t\n\t\t<\/div>\n\t\t\t\t\t\t<\/div>\n\t\t\t\t<\/div>\n\t\t\t\t<\/div>\n\t\t\t\t\t<\/div>\n\t\t\t\t<\/div>\n\t\t\t\t<section class=\"elementor-section elementor-top-section elementor-element elementor-element-42dba62 elementor-section-boxed elementor-section-height-default elementor-section-height-default\" data-id=\"42dba62\" data-element_type=\"section\" data-e-type=\"section\" data-settings=\"{&quot;background_background&quot;:&quot;classic&quot;}\">\n\t\t\t\t\t\t\t<div class=\"elementor-background-overlay\"><\/div>\n\t\t\t\t\t\t\t<div class=\"elementor-container elementor-column-gap-default\">\n\t\t\t\t\t<div class=\"elementor-column elementor-col-100 elementor-top-column elementor-element elementor-element-6a6cb5b\" data-id=\"6a6cb5b\" data-element_type=\"column\" data-e-type=\"column\">\n\t\t\t<div class=\"elementor-widget-wrap elementor-element-populated\">\n\t\t\t\t\t\t<div class=\"elementor-element elementor-element-8ad7d94 elementor-widget__width-initial elementor-invisible elementor-widget elementor-widget-heading\" data-id=\"8ad7d94\" data-element_type=\"widget\" data-e-type=\"widget\" data-settings=\"{&quot;_animation&quot;:&quot;fadeInUp&quot;}\" data-widget_type=\"heading.default\">\n\t\t\t\t<div class=\"elementor-widget-container\">\n\t\t\t\t\t<h2 class=\"elementor-heading-title elementor-size-default\">Tell us your problem and\nwe will help you<\/h2>\t\t\t\t<\/div>\n\t\t\t\t<\/div>\n\t\t\t\t<div class=\"elementor-element elementor-element-501abd6 elementor-invisible elementor-widget elementor-widget-text-editor\" data-id=\"501abd6\" data-element_type=\"widget\" data-e-type=\"widget\" data-settings=\"{&quot;_animation&quot;:&quot;fadeInUp&quot;}\" data-widget_type=\"text-editor.default\">\n\t\t\t\t<div class=\"elementor-widget-container\">\n\t\t\t\t\t\t\t\t\t<div class=\"elementor-element elementor-element-2ec0b73 elementor-widget elementor-widget-heading\" data-id=\"2ec0b73\" data-element_type=\"widget\" data-widget_type=\"heading.default\"><div class=\"elementor-widget-container\"><p class=\"elementor-heading-title elementor-size-default\">Contact us for your first consultation<\/p><\/div><\/div>\t\t\t\t\t\t\t\t<\/div>\n\t\t\t\t<\/div>\n\t\t\t\t<div class=\"elementor-element elementor-element-ffb2744 elementor-tablet-align-center elementor-align-left elementor-widget__width-initial elementor-mobile-align-justify elementor-widget-mobile__width-inherit elementor-invisible elementor-widget elementor-widget-button\" data-id=\"ffb2744\" data-element_type=\"widget\" data-e-type=\"widget\" data-settings=\"{&quot;_animation&quot;:&quot;fadeInUp&quot;,&quot;_animation_delay&quot;:600}\" data-widget_type=\"button.default\">\n\t\t\t\t<div class=\"elementor-widget-container\">\n\t\t\t\t\t\t\t\t\t<div class=\"elementor-button-wrapper\">\n\t\t\t\t\t<a class=\"elementor-button elementor-button-link elementor-size-sm\" href=\"https:\/\/avence.es\/en\/solicitar-cita\/\">\n\t\t\t\t\t\t<span class=\"elementor-button-content-wrapper\">\n\t\t\t\t\t\t\t\t\t<span class=\"elementor-button-text\">Contact<\/span>\n\t\t\t\t\t<\/span>\n\t\t\t\t\t<\/a>\n\t\t\t\t<\/div>\n\t\t\t\t\t\t\t\t<\/div>\n\t\t\t\t<\/div>\n\t\t\t\t<div class=\"elementor-element elementor-element-f30a3cb elementor-tablet-align-center elementor-align-left elementor-widget__width-initial elementor-mobile-align-justify elementor-widget-mobile__width-inherit elementor-invisible elementor-widget elementor-widget-button\" data-id=\"f30a3cb\" data-element_type=\"widget\" data-e-type=\"widget\" data-settings=\"{&quot;_animation&quot;:&quot;fadeInUp&quot;,&quot;_animation_delay&quot;:600}\" data-widget_type=\"button.default\">\n\t\t\t\t<div class=\"elementor-widget-container\">\n\t\t\t\t\t\t\t\t\t<div class=\"elementor-button-wrapper\">\n\t\t\t\t\t<a class=\"elementor-button elementor-button-link elementor-size-sm\" href=\"https:\/\/avence.es\/en\/preguntas-frecuentes\/\">\n\t\t\t\t\t\t<span class=\"elementor-button-content-wrapper\">\n\t\t\t\t\t\t\t\t\t<span class=\"elementor-button-text\">Frequently Asked Questions<\/span>\n\t\t\t\t\t<\/span>\n\t\t\t\t\t<\/a>\n\t\t\t\t<\/div>\n\t\t\t\t\t\t\t\t<\/div>\n\t\t\t\t<\/div>\n\t\t\t\t\t<\/div>\n\t\t<\/div>\n\t\t\t\t\t<\/div>\n\t\t<\/section>\n\t\t<div class=\"elementor-element elementor-element-9d37d07 e-flex e-con-boxed e-con e-parent\" data-id=\"9d37d07\" data-element_type=\"container\" data-e-type=\"container\">\n\t\t\t\t\t<div class=\"e-con-inner\">\n\t\t<div class=\"elementor-element elementor-element-cd28300 e-con-full e-flex e-con e-child\" data-id=\"cd28300\" data-element_type=\"container\" data-e-type=\"container\">\n\t\t\t\t<div class=\"elementor-element elementor-element-a051e5e elementor-invisible elementor-widget elementor-widget-heading\" data-id=\"a051e5e\" data-element_type=\"widget\" data-e-type=\"widget\" data-settings=\"{&quot;_animation&quot;:&quot;fadeInUp&quot;}\" data-widget_type=\"heading.default\">\n\t\t\t\t<div class=\"elementor-widget-container\">\n\t\t\t\t\t<h2 class=\"elementor-heading-title elementor-size-default\">What are the next steps?<\/h2>\t\t\t\t<\/div>\n\t\t\t\t<\/div>\n\t\t\t\t<div class=\"elementor-element elementor-element-ed6b1b0 elementor-invisible elementor-widget elementor-widget-text-editor\" data-id=\"ed6b1b0\" data-element_type=\"widget\" data-e-type=\"widget\" data-settings=\"{&quot;_animation&quot;:&quot;fadeInUp&quot;,&quot;_animation_delay&quot;:200}\" data-widget_type=\"text-editor.default\">\n\t\t\t\t<div class=\"elementor-widget-container\">\n\t\t\t\t\t\t\t\t\t<p><span style=\"font-weight: 400;\">In cases where treatment is necessary, complex techniques (which require the use of X-rays and are not performed in the AVENCE clinic, but in a hospital environment) such as embolisation of the ovarian veins or other branches dependent on the hypogastric veins are used. Occlusive devices such as coils, amplatzers, foam or glue are used for embolisation. <\/span><\/p>\t\t\t\t\t\t\t\t<\/div>\n\t\t\t\t<\/div>\n\t\t\t\t<div class=\"elementor-element elementor-element-e282ff5 elementor-invisible elementor-widget elementor-widget-text-editor\" data-id=\"e282ff5\" data-element_type=\"widget\" data-e-type=\"widget\" data-settings=\"{&quot;_animation&quot;:&quot;fadeInUp&quot;,&quot;_animation_delay&quot;:200}\" data-widget_type=\"text-editor.default\">\n\t\t\t\t<div class=\"elementor-widget-container\">\n\t\t\t\t\t\t\t\t\t<p><span style=\"font-weight: 400;\">Although it is a complex treatment, the speciality of interventional radiology gives us the privileged experience and expertise to be able to offer higher guarantees than any other speciality.\u00a0<\/span><\/p><p><span style=\"font-weight: 400;\">Equally important is a correct diagnosis, which includes ruling out compressive syndromes such as the <strong>nutcraker<\/strong> (nutcracker) or <strong>May Turner<\/strong> (compression of the left common iliac vein by the right common iliac artery) which greatly changes the therapeutic approach to this pathology.\u00a0<\/span><\/p>\t\t\t\t\t\t\t\t<\/div>\n\t\t\t\t<\/div>\n\t\t\t\t<\/div>\n\t\t<div class=\"elementor-element elementor-element-e2d507d e-con-full e-flex e-con e-child\" data-id=\"e2d507d\" data-element_type=\"container\" data-e-type=\"container\" data-settings=\"{&quot;background_background&quot;:&quot;classic&quot;}\">\n\t\t\t\t<div class=\"elementor-element elementor-element-5680bea elementor-widget elementor-widget-spacer\" data-id=\"5680bea\" data-element_type=\"widget\" data-e-type=\"widget\" data-widget_type=\"spacer.default\">\n\t\t\t\t<div class=\"elementor-widget-container\">\n\t\t\t\t\t\t\t<div class=\"elementor-spacer\">\n\t\t\t<div class=\"elementor-spacer-inner\"><\/div>\n\t\t<\/div>\n\t\t\t\t\t\t<\/div>\n\t\t\t\t<\/div>\n\t\t\t\t<\/div>\n\t\t\t\t\t<\/div>\n\t\t\t\t<\/div>\n\t\t\t\t<\/div>","protected":false},"excerpt":{"rendered":"<p>Sobre la patolog\u00eda \u00bfDe qu\u00e9 se trata? Como ya se explic\u00f3 en la secci\u00f3n de patolog\u00edas, la congesti\u00f3n p\u00e9lvica se produce por la existencia de varices \u201csintom\u00e1ticas\u201d en la parte baja del abdomen, alrededor de \u00fatero y ovarios. A veces, estas varices constituyen el punto de fuga de varices en las piernas. Identificar correctamente el [&hellip;]<\/p>\n","protected":false},"author":2,"featured_media":0,"parent":0,"menu_order":0,"comment_status":"closed","ping_status":"closed","template":"elementor_header_footer","meta":{"_joinchat":[],"footnotes":""},"class_list":["post-232","page","type-page","status-publish","hentry"],"yoast_head":"<!-- This site is optimized with the Yoast SEO plugin v27.5 - https:\/\/yoast.com\/product\/yoast-seo-wordpress\/ -->\n<title>S\u00edndrome congestivo p\u00e9lvico - Avence<\/title>\n<meta name=\"robots\" content=\"index, follow, max-snippet:-1, max-image-preview:large, max-video-preview:-1\" \/>\n<link rel=\"canonical\" href=\"https:\/\/avence.es\/en\/sindrome-congestivo-pelvico\/\" \/>\n<meta property=\"og:locale\" content=\"en_GB\" \/>\n<meta property=\"og:type\" content=\"article\" \/>\n<meta property=\"og:title\" content=\"S\u00edndrome congestivo p\u00e9lvico - Avence\" \/>\n<meta property=\"og:description\" content=\"Sobre la patolog\u00eda \u00bfDe qu\u00e9 se trata? Como ya se explic\u00f3 en la secci\u00f3n de patolog\u00edas, la congesti\u00f3n p\u00e9lvica se produce por la existencia de varices \u201csintom\u00e1ticas\u201d en la parte baja del abdomen, alrededor de \u00fatero y ovarios. A veces, estas varices constituyen el punto de fuga de varices en las piernas. Identificar correctamente el [&hellip;]\" \/>\n<meta property=\"og:url\" content=\"https:\/\/avence.es\/en\/sindrome-congestivo-pelvico\/\" \/>\n<meta property=\"og:site_name\" content=\"Avence\" \/>\n<meta property=\"article:modified_time\" content=\"2025-07-08T14:06:39+00:00\" \/>\n<meta property=\"og:image\" content=\"https:\/\/avence.es\/wp-content\/uploads\/2025\/02\/SINDROME-COGESTIVO-PELVICO.jpg\" \/>\n\t<meta property=\"og:image:width\" content=\"500\" \/>\n\t<meta property=\"og:image:height\" content=\"900\" \/>\n\t<meta property=\"og:image:type\" content=\"image\/jpeg\" \/>\n<meta name=\"twitter:card\" content=\"summary_large_image\" \/>\n<meta name=\"twitter:label1\" content=\"Estimated reading time\" \/>\n\t<meta name=\"twitter:data1\" content=\"2 minutes\" \/>\n<script type=\"application\/ld+json\" class=\"yoast-schema-graph\">{\"@context\":\"https:\\\/\\\/schema.org\",\"@graph\":[{\"@type\":\"WebPage\",\"@id\":\"https:\\\/\\\/avence.es\\\/sindrome-congestivo-pelvico\\\/\",\"url\":\"https:\\\/\\\/avence.es\\\/sindrome-congestivo-pelvico\\\/\",\"name\":\"S\u00edndrome congestivo p\u00e9lvico - Avence\",\"isPartOf\":{\"@id\":\"https:\\\/\\\/avence.es\\\/#website\"},\"primaryImageOfPage\":{\"@id\":\"https:\\\/\\\/avence.es\\\/sindrome-congestivo-pelvico\\\/#primaryimage\"},\"image\":{\"@id\":\"https:\\\/\\\/avence.es\\\/sindrome-congestivo-pelvico\\\/#primaryimage\"},\"thumbnailUrl\":\"https:\\\/\\\/avence.es\\\/wp-content\\\/uploads\\\/2025\\\/02\\\/SINDROME-COGESTIVO-PELVICO.jpg\",\"datePublished\":\"2025-02-04T23:52:25+00:00\",\"dateModified\":\"2025-07-08T14:06:39+00:00\",\"breadcrumb\":{\"@id\":\"https:\\\/\\\/avence.es\\\/sindrome-congestivo-pelvico\\\/#breadcrumb\"},\"inLanguage\":\"en-GB\",\"potentialAction\":[{\"@type\":\"ReadAction\",\"target\":[\"https:\\\/\\\/avence.es\\\/sindrome-congestivo-pelvico\\\/\"]}]},{\"@type\":\"ImageObject\",\"inLanguage\":\"en-GB\",\"@id\":\"https:\\\/\\\/avence.es\\\/sindrome-congestivo-pelvico\\\/#primaryimage\",\"url\":\"https:\\\/\\\/avence.es\\\/wp-content\\\/uploads\\\/2025\\\/02\\\/SINDROME-COGESTIVO-PELVICO.jpg\",\"contentUrl\":\"https:\\\/\\\/avence.es\\\/wp-content\\\/uploads\\\/2025\\\/02\\\/SINDROME-COGESTIVO-PELVICO.jpg\"},{\"@type\":\"BreadcrumbList\",\"@id\":\"https:\\\/\\\/avence.es\\\/sindrome-congestivo-pelvico\\\/#breadcrumb\",\"itemListElement\":[{\"@type\":\"ListItem\",\"position\":1,\"name\":\"Portada\",\"item\":\"https:\\\/\\\/avence.es\\\/\"},{\"@type\":\"ListItem\",\"position\":2,\"name\":\"S\u00edndrome congestivo p\u00e9lvico\"}]},{\"@type\":\"WebSite\",\"@id\":\"https:\\\/\\\/avence.es\\\/#website\",\"url\":\"https:\\\/\\\/avence.es\\\/\",\"name\":\"Avence\",\"description\":\"\",\"publisher\":{\"@id\":\"https:\\\/\\\/avence.es\\\/#organization\"},\"potentialAction\":[{\"@type\":\"SearchAction\",\"target\":{\"@type\":\"EntryPoint\",\"urlTemplate\":\"https:\\\/\\\/avence.es\\\/?s={search_term_string}\"},\"query-input\":{\"@type\":\"PropertyValueSpecification\",\"valueRequired\":true,\"valueName\":\"search_term_string\"}}],\"inLanguage\":\"en-GB\"},{\"@type\":\"Organization\",\"@id\":\"https:\\\/\\\/avence.es\\\/#organization\",\"name\":\"Avence\",\"url\":\"https:\\\/\\\/avence.es\\\/\",\"logo\":{\"@type\":\"ImageObject\",\"inLanguage\":\"en-GB\",\"@id\":\"https:\\\/\\\/avence.es\\\/#\\\/schema\\\/logo\\\/image\\\/\",\"url\":\"https:\\\/\\\/avence.es\\\/wp-content\\\/uploads\\\/2025\\\/01\\\/image-13.png\",\"contentUrl\":\"https:\\\/\\\/avence.es\\\/wp-content\\\/uploads\\\/2025\\\/01\\\/image-13.png\",\"width\":1286,\"height\":265,\"caption\":\"Avence\"},\"image\":{\"@id\":\"https:\\\/\\\/avence.es\\\/#\\\/schema\\\/logo\\\/image\\\/\"}}]}<\/script>\n<!-- \/ Yoast SEO plugin. -->","yoast_head_json":{"title":"S\u00edndrome congestivo p\u00e9lvico - Avence","robots":{"index":"index","follow":"follow","max-snippet":"max-snippet:-1","max-image-preview":"max-image-preview:large","max-video-preview":"max-video-preview:-1"},"canonical":"https:\/\/avence.es\/en\/sindrome-congestivo-pelvico\/","og_locale":"en_GB","og_type":"article","og_title":"S\u00edndrome congestivo p\u00e9lvico - Avence","og_description":"Sobre la patolog\u00eda \u00bfDe qu\u00e9 se trata? Como ya se explic\u00f3 en la secci\u00f3n de patolog\u00edas, la congesti\u00f3n p\u00e9lvica se produce por la existencia de varices \u201csintom\u00e1ticas\u201d en la parte baja del abdomen, alrededor de \u00fatero y ovarios. A veces, estas varices constituyen el punto de fuga de varices en las piernas. Identificar correctamente el [&hellip;]","og_url":"https:\/\/avence.es\/en\/sindrome-congestivo-pelvico\/","og_site_name":"Avence","article_modified_time":"2025-07-08T14:06:39+00:00","og_image":[{"width":500,"height":900,"url":"https:\/\/avence.es\/wp-content\/uploads\/2025\/02\/SINDROME-COGESTIVO-PELVICO.jpg","type":"image\/jpeg"}],"twitter_card":"summary_large_image","twitter_misc":{"Estimated reading time":"2 minutes"},"schema":{"@context":"https:\/\/schema.org","@graph":[{"@type":"WebPage","@id":"https:\/\/avence.es\/sindrome-congestivo-pelvico\/","url":"https:\/\/avence.es\/sindrome-congestivo-pelvico\/","name":"S\u00edndrome congestivo p\u00e9lvico - Avence","isPartOf":{"@id":"https:\/\/avence.es\/#website"},"primaryImageOfPage":{"@id":"https:\/\/avence.es\/sindrome-congestivo-pelvico\/#primaryimage"},"image":{"@id":"https:\/\/avence.es\/sindrome-congestivo-pelvico\/#primaryimage"},"thumbnailUrl":"https:\/\/avence.es\/wp-content\/uploads\/2025\/02\/SINDROME-COGESTIVO-PELVICO.jpg","datePublished":"2025-02-04T23:52:25+00:00","dateModified":"2025-07-08T14:06:39+00:00","breadcrumb":{"@id":"https:\/\/avence.es\/sindrome-congestivo-pelvico\/#breadcrumb"},"inLanguage":"en-GB","potentialAction":[{"@type":"ReadAction","target":["https:\/\/avence.es\/sindrome-congestivo-pelvico\/"]}]},{"@type":"ImageObject","inLanguage":"en-GB","@id":"https:\/\/avence.es\/sindrome-congestivo-pelvico\/#primaryimage","url":"https:\/\/avence.es\/wp-content\/uploads\/2025\/02\/SINDROME-COGESTIVO-PELVICO.jpg","contentUrl":"https:\/\/avence.es\/wp-content\/uploads\/2025\/02\/SINDROME-COGESTIVO-PELVICO.jpg"},{"@type":"BreadcrumbList","@id":"https:\/\/avence.es\/sindrome-congestivo-pelvico\/#breadcrumb","itemListElement":[{"@type":"ListItem","position":1,"name":"Portada","item":"https:\/\/avence.es\/"},{"@type":"ListItem","position":2,"name":"S\u00edndrome congestivo p\u00e9lvico"}]},{"@type":"WebSite","@id":"https:\/\/avence.es\/#website","url":"https:\/\/avence.es\/","name":"Avence","description":"","publisher":{"@id":"https:\/\/avence.es\/#organization"},"potentialAction":[{"@type":"SearchAction","target":{"@type":"EntryPoint","urlTemplate":"https:\/\/avence.es\/?s={search_term_string}"},"query-input":{"@type":"PropertyValueSpecification","valueRequired":true,"valueName":"search_term_string"}}],"inLanguage":"en-GB"},{"@type":"Organization","@id":"https:\/\/avence.es\/#organization","name":"Avence","url":"https:\/\/avence.es\/","logo":{"@type":"ImageObject","inLanguage":"en-GB","@id":"https:\/\/avence.es\/#\/schema\/logo\/image\/","url":"https:\/\/avence.es\/wp-content\/uploads\/2025\/01\/image-13.png","contentUrl":"https:\/\/avence.es\/wp-content\/uploads\/2025\/01\/image-13.png","width":1286,"height":265,"caption":"Avence"},"image":{"@id":"https:\/\/avence.es\/#\/schema\/logo\/image\/"}}]}},"_links":{"self":[{"href":"https:\/\/avence.es\/en\/wp-json\/wp\/v2\/pages\/232","targetHints":{"allow":["GET"]}}],"collection":[{"href":"https:\/\/avence.es\/en\/wp-json\/wp\/v2\/pages"}],"about":[{"href":"https:\/\/avence.es\/en\/wp-json\/wp\/v2\/types\/page"}],"author":[{"embeddable":true,"href":"https:\/\/avence.es\/en\/wp-json\/wp\/v2\/users\/2"}],"replies":[{"embeddable":true,"href":"https:\/\/avence.es\/en\/wp-json\/wp\/v2\/comments?post=232"}],"version-history":[{"count":19,"href":"https:\/\/avence.es\/en\/wp-json\/wp\/v2\/pages\/232\/revisions"}],"predecessor-version":[{"id":1350,"href":"https:\/\/avence.es\/en\/wp-json\/wp\/v2\/pages\/232\/revisions\/1350"}],"wp:attachment":[{"href":"https:\/\/avence.es\/en\/wp-json\/wp\/v2\/media?parent=232"}],"curies":[{"name":"wp","href":"https:\/\/api.w.org\/{rel}","templated":true}]}}