{"id":131,"date":"2025-01-30T17:12:58","date_gmt":"2025-01-30T16:12:58","guid":{"rendered":"https:\/\/avence.es\/?page_id=131"},"modified":"2025-11-28T13:29:04","modified_gmt":"2025-11-28T12:29:04","slug":"solicitar-cita","status":"publish","type":"page","link":"https:\/\/avence.es\/en\/solicitar-cita\/","title":{"rendered":"Request an appointment"},"content":{"rendered":"<div data-elementor-type=\"wp-page\" data-elementor-id=\"131\" class=\"elementor elementor-131\" data-elementor-post-type=\"page\">\n\t\t\t\t\t\t<section class=\"elementor-section elementor-top-section elementor-element elementor-element-3f5fc288 elementor-section-boxed elementor-section-height-default elementor-section-height-default\" data-id=\"3f5fc288\" data-element_type=\"section\" data-e-type=\"section\" data-settings=\"{&quot;background_background&quot;:&quot;classic&quot;}\">\n\t\t\t\t\t\t\t<div class=\"elementor-background-overlay\"><\/div>\n\t\t\t\t\t\t\t<div class=\"elementor-container elementor-column-gap-default\">\n\t\t\t\t\t<div class=\"elementor-column elementor-col-100 elementor-top-column elementor-element elementor-element-10b29193\" data-id=\"10b29193\" data-element_type=\"column\" data-e-type=\"column\">\n\t\t\t<div class=\"elementor-widget-wrap elementor-element-populated\">\n\t\t\t\t\t\t<div class=\"elementor-element elementor-element-43b7f28d elementor-invisible elementor-widget elementor-widget-heading\" data-id=\"43b7f28d\" data-element_type=\"widget\" data-e-type=\"widget\" data-settings=\"{&quot;_animation&quot;:&quot;fadeInUp&quot;}\" data-widget_type=\"heading.default\">\n\t\t\t\t<div class=\"elementor-widget-container\">\n\t\t\t\t\t<h2 class=\"elementor-heading-title elementor-size-default\">Contact us at<\/h2>\t\t\t\t<\/div>\n\t\t\t\t<\/div>\n\t\t\t\t\t<\/div>\n\t\t<\/div>\n\t\t\t\t\t<\/div>\n\t\t<\/section>\n\t\t\t\t<section class=\"elementor-section elementor-top-section elementor-element elementor-element-14ee8143 elementor-section-boxed elementor-section-height-default elementor-section-height-default\" data-id=\"14ee8143\" data-element_type=\"section\" data-e-type=\"section\" data-settings=\"{&quot;background_background&quot;:&quot;classic&quot;}\">\n\t\t\t\t\t\t<div class=\"elementor-container elementor-column-gap-default\">\n\t\t\t\t\t<div class=\"elementor-column elementor-col-50 elementor-top-column elementor-element elementor-element-4d4eef48\" data-id=\"4d4eef48\" data-element_type=\"column\" data-e-type=\"column\" data-settings=\"{&quot;background_background&quot;:&quot;classic&quot;}\">\n\t\t\t<div class=\"elementor-widget-wrap elementor-element-populated\">\n\t\t\t\t\t\t<div class=\"elementor-element elementor-element-4abdcd23 elementor-invisible elementor-widget elementor-widget-heading\" data-id=\"4abdcd23\" data-element_type=\"widget\" data-e-type=\"widget\" data-settings=\"{&quot;_animation&quot;:&quot;fadeInUp&quot;}\" data-widget_type=\"heading.default\">\n\t\t\t\t<div class=\"elementor-widget-container\">\n\t\t\t\t\t<h2 class=\"elementor-heading-title elementor-size-default\">Talk to us and we will help you<\/h2>\t\t\t\t<\/div>\n\t\t\t\t<\/div>\n\t\t<div class=\"elementor-element elementor-element-86456f9 e-flex e-con-boxed elementor-invisible e-con e-parent\" data-id=\"86456f9\" data-element_type=\"container\" data-e-type=\"container\" data-settings=\"{&quot;background_background&quot;:&quot;classic&quot;,&quot;animation&quot;:&quot;zoomIn&quot;}\">\n\t\t\t\t\t<div class=\"e-con-inner\">\n\t\t\t\t<div class=\"elementor-element elementor-element-84cb8cd elementor-widget elementor-widget-heading\" data-id=\"84cb8cd\" data-element_type=\"widget\" data-e-type=\"widget\" data-widget_type=\"heading.default\">\n\t\t\t\t<div class=\"elementor-widget-container\">\n\t\t\t\t\t<h3 class=\"elementor-heading-title elementor-size-default\">Opening hours<\/h3>\t\t\t\t<\/div>\n\t\t\t\t<\/div>\n\t\t\t\t<div class=\"elementor-element elementor-element-c2be620 elementor-widget elementor-widget-text-editor\" data-id=\"c2be620\" data-element_type=\"widget\" data-e-type=\"widget\" data-widget_type=\"text-editor.default\">\n\t\t\t\t<div class=\"elementor-widget-container\">\n\t\t\t\t\t\t\t\t\t<p>Monday to Friday <br \/>From 9.30-13.30 a.m.<br \/>16:00-20:00<\/p>\t\t\t\t\t\t\t\t<\/div>\n\t\t\t\t<\/div>\n\t\t\t\t\t<\/div>\n\t\t\t\t<\/div>\n\t\t<div class=\"elementor-element elementor-element-6c817a5 elementor-hidden-mobile e-flex e-con-boxed e-con e-parent\" data-id=\"6c817a5\" data-element_type=\"container\" data-e-type=\"container\">\n\t\t\t\t\t<div class=\"e-con-inner\">\n\t\t<div class=\"elementor-element elementor-element-f8bf461 e-con-full e-flex e-con e-child\" data-id=\"f8bf461\" data-element_type=\"container\" data-e-type=\"container\">\n\t\t\t\t<div class=\"elementor-element elementor-element-c4a7b04 elementor-view-stacked elementor-shape-circle elementor-widget elementor-widget-icon\" data-id=\"c4a7b04\" data-element_type=\"widget\" data-e-type=\"widget\" data-widget_type=\"icon.default\">\n\t\t\t\t<div class=\"elementor-widget-container\">\n\t\t\t\t\t\t\t<div class=\"elementor-icon-wrapper\">\n\t\t\t<div class=\"elementor-icon\">\n\t\t\t<svg aria-hidden=\"true\" class=\"e-font-icon-svg e-fas-phone-alt\" viewbox=\"0 0 512 512\" xmlns=\"http:\/\/www.w3.org\/2000\/svg\"><path d=\"M497.39 361.8l-112-48a24 24 0 0 0-28 6.9l-49.6 60.6A370.66 370.66 0 0 1 130.6 204.11l60.6-49.6a23.94 23.94 0 0 0 6.9-28l-48-112A24.16 24.16 0 0 0 122.6.61l-104 24A24 24 0 0 0 0 48c0 256.5 207.9 464 464 464a24 24 0 0 0 23.4-18.6l24-104a24.29 24.29 0 0 0-14.01-27.6z\"><\/path><\/svg>\t\t\t<\/div>\n\t\t<\/div>\n\t\t\t\t\t\t<\/div>\n\t\t\t\t<\/div>\n\t\t\t\t<div class=\"elementor-element elementor-element-2be35f0 elementor-view-stacked elementor-shape-circle elementor-widget elementor-widget-icon\" data-id=\"2be35f0\" data-element_type=\"widget\" data-e-type=\"widget\" data-widget_type=\"icon.default\">\n\t\t\t\t<div class=\"elementor-widget-container\">\n\t\t\t\t\t\t\t<div class=\"elementor-icon-wrapper\">\n\t\t\t<div class=\"elementor-icon\">\n\t\t\t<svg aria-hidden=\"true\" class=\"e-font-icon-svg e-far-envelope\" viewbox=\"0 0 512 512\" xmlns=\"http:\/\/www.w3.org\/2000\/svg\"><path d=\"M464 64H48C21.49 64 0 85.49 0 112v288c0 26.51 21.49 48 48 48h416c26.51 0 48-21.49 48-48V112c0-26.51-21.49-48-48-48zm0 48v40.805c-22.422 18.259-58.168 46.651-134.587 106.49-16.841 13.247-50.201 45.072-73.413 44.701-23.208.375-56.579-31.459-73.413-44.701C106.18 199.465 70.425 171.067 48 152.805V112h416zM48 400V214.398c22.914 18.251 55.409 43.862 104.938 82.646 21.857 17.205 60.134 55.186 103.062 54.955 42.717.231 80.509-37.199 103.053-54.947 49.528-38.783 82.032-64.401 104.947-82.653V400H48z\"><\/path><\/svg>\t\t\t<\/div>\n\t\t<\/div>\n\t\t\t\t\t\t<\/div>\n\t\t\t\t<\/div>\n\t\t\t\t<div class=\"elementor-element elementor-element-4621195 elementor-view-stacked elementor-shape-circle elementor-widget elementor-widget-icon\" data-id=\"4621195\" data-element_type=\"widget\" data-e-type=\"widget\" data-widget_type=\"icon.default\">\n\t\t\t\t<div class=\"elementor-widget-container\">\n\t\t\t\t\t\t\t<div class=\"elementor-icon-wrapper\">\n\t\t\t<div class=\"elementor-icon\">\n\t\t\t<svg aria-hidden=\"true\" class=\"e-font-icon-svg e-fas-map-marker-alt\" viewbox=\"0 0 384 512\" xmlns=\"http:\/\/www.w3.org\/2000\/svg\"><path d=\"M172.268 501.67C26.97 291.031 0 269.413 0 192 0 85.961 85.961 0 192 0s192 85.961 192 192c0 77.413-26.97 99.031-172.268 309.67-9.535 13.774-29.93 13.773-39.464 0zM192 272c44.183 0 80-35.817 80-80s-35.817-80-80-80-80 35.817-80 80 35.817 80 80 80z\"><\/path><\/svg>\t\t\t<\/div>\n\t\t<\/div>\n\t\t\t\t\t\t<\/div>\n\t\t\t\t<\/div>\n\t\t\t\t<\/div>\n\t\t<div class=\"elementor-element elementor-element-4953d4e e-con-full e-flex e-con e-child\" data-id=\"4953d4e\" data-element_type=\"container\" data-e-type=\"container\">\n\t\t\t\t<div class=\"elementor-element elementor-element-9ac223b elementor-widget elementor-widget-icon-box\" data-id=\"9ac223b\" data-element_type=\"widget\" data-e-type=\"widget\" data-widget_type=\"icon-box.default\">\n\t\t\t\t<div class=\"elementor-widget-container\">\n\t\t\t\t\t\t\t<div class=\"elementor-icon-box-wrapper\">\n\n\t\t\t\n\t\t\t\t\t\t<div class=\"elementor-icon-box-content\">\n\n\t\t\t\t\t\t\t\t\t<h3 class=\"elementor-icon-box-title\">\n\t\t\t\t\t\t<a href=\"tel:+34676774646\" target=\"_blank\" >\n\t\t\t\t\t\t\tTelephone\t\t\t\t\t\t<\/a>\n\t\t\t\t\t<\/h3>\n\t\t\t\t\n\t\t\t\t\t\t\t\t\t<p class=\"elementor-icon-box-description\">\n\t\t\t\t\t\t(+34) 676 774 646\t\t\t\t\t<\/p>\n\t\t\t\t\n\t\t\t<\/div>\n\t\t\t\n\t\t<\/div>\n\t\t\t\t\t\t<\/div>\n\t\t\t\t<\/div>\n\t\t\t\t<div class=\"elementor-element elementor-element-c78b4bc elementor-widget elementor-widget-icon-box\" data-id=\"c78b4bc\" data-element_type=\"widget\" data-e-type=\"widget\" data-widget_type=\"icon-box.default\">\n\t\t\t\t<div class=\"elementor-widget-container\">\n\t\t\t\t\t\t\t<div class=\"elementor-icon-box-wrapper\">\n\n\t\t\t\n\t\t\t\t\t\t<div class=\"elementor-icon-box-content\">\n\n\t\t\t\t\t\t\t\t\t<h3 class=\"elementor-icon-box-title\">\n\t\t\t\t\t\t<a href=\"mailto:hola@avence.es\" target=\"_blank\" >\n\t\t\t\t\t\t\tEmail\t\t\t\t\t\t<\/a>\n\t\t\t\t\t<\/h3>\n\t\t\t\t\n\t\t\t\t\t\t\t\t\t<p class=\"elementor-icon-box-description\">\n\t\t\t\t\t\thola@avence.es\t\t\t\t\t<\/p>\n\t\t\t\t\n\t\t\t<\/div>\n\t\t\t\n\t\t<\/div>\n\t\t\t\t\t\t<\/div>\n\t\t\t\t<\/div>\n\t\t\t\t<div class=\"elementor-element elementor-element-acf9286 elementor-widget elementor-widget-icon-box\" data-id=\"acf9286\" data-element_type=\"widget\" data-e-type=\"widget\" data-widget_type=\"icon-box.default\">\n\t\t\t\t<div class=\"elementor-widget-container\">\n\t\t\t\t\t\t\t<div class=\"elementor-icon-box-wrapper\">\n\n\t\t\t\n\t\t\t\t\t\t<div class=\"elementor-icon-box-content\">\n\n\t\t\t\t\t\t\t\t\t<h3 class=\"elementor-icon-box-title\">\n\t\t\t\t\t\t<a href=\"https:\/\/www.google.com\/maps?ll=37.992927,-1.12179&#038;z=14&#038;t=m&#038;hl=es-ES&#038;gl=US&#038;mapclient=embed&#038;cid=8041325500540886479\" target=\"_blank\" >\n\t\t\t\t\t\t\tLocation\t\t\t\t\t\t<\/a>\n\t\t\t\t\t<\/h3>\n\t\t\t\t\n\t\t\t\t\t\t\t\t\t<p class=\"elementor-icon-box-description\">\n\t\t\t\t\t\tC\/ Calle Alonso de Ojeda, 1\n30007 Murcia\t\t\t\t\t<\/p>\n\t\t\t\t\n\t\t\t<\/div>\n\t\t\t\n\t\t<\/div>\n\t\t\t\t\t\t<\/div>\n\t\t\t\t<\/div>\n\t\t\t\t<\/div>\n\t\t\t\t\t<\/div>\n\t\t\t\t<\/div>\n\t\t<div class=\"elementor-element elementor-element-3642274 elementor-hidden-desktop elementor-hidden-laptop elementor-hidden-tablet_extra elementor-hidden-tablet e-flex e-con-boxed e-con e-parent\" data-id=\"3642274\" data-element_type=\"container\" data-e-type=\"container\">\n\t\t\t\t\t<div class=\"e-con-inner\">\n\t\t<div class=\"elementor-element elementor-element-ff846c6 e-con-full e-flex e-con e-child\" data-id=\"ff846c6\" data-element_type=\"container\" data-e-type=\"container\">\n\t\t\t\t<div class=\"elementor-element elementor-element-341fd97 elementor-view-stacked elementor-shape-circle elementor-widget elementor-widget-icon\" data-id=\"341fd97\" data-element_type=\"widget\" data-e-type=\"widget\" data-widget_type=\"icon.default\">\n\t\t\t\t<div class=\"elementor-widget-container\">\n\t\t\t\t\t\t\t<div class=\"elementor-icon-wrapper\">\n\t\t\t<div class=\"elementor-icon\">\n\t\t\t<svg aria-hidden=\"true\" class=\"e-font-icon-svg e-fas-phone-alt\" viewbox=\"0 0 512 512\" xmlns=\"http:\/\/www.w3.org\/2000\/svg\"><path d=\"M497.39 361.8l-112-48a24 24 0 0 0-28 6.9l-49.6 60.6A370.66 370.66 0 0 1 130.6 204.11l60.6-49.6a23.94 23.94 0 0 0 6.9-28l-48-112A24.16 24.16 0 0 0 122.6.61l-104 24A24 24 0 0 0 0 48c0 256.5 207.9 464 464 464a24 24 0 0 0 23.4-18.6l24-104a24.29 24.29 0 0 0-14.01-27.6z\"><\/path><\/svg>\t\t\t<\/div>\n\t\t<\/div>\n\t\t\t\t\t\t<\/div>\n\t\t\t\t<\/div>\n\t\t\t\t<div class=\"elementor-element elementor-element-522318a elementor-widget elementor-widget-icon-box\" data-id=\"522318a\" data-element_type=\"widget\" data-e-type=\"widget\" data-widget_type=\"icon-box.default\">\n\t\t\t\t<div class=\"elementor-widget-container\">\n\t\t\t\t\t\t\t<div class=\"elementor-icon-box-wrapper\">\n\n\t\t\t\n\t\t\t\t\t\t<div class=\"elementor-icon-box-content\">\n\n\t\t\t\t\t\t\t\t\t<h3 class=\"elementor-icon-box-title\">\n\t\t\t\t\t\t<a href=\"tel:+34676774646\" target=\"_blank\" >\n\t\t\t\t\t\t\tTelephone\t\t\t\t\t\t<\/a>\n\t\t\t\t\t<\/h3>\n\t\t\t\t\n\t\t\t\t\t\t\t\t\t<p class=\"elementor-icon-box-description\">\n\t\t\t\t\t\t(+34) 676 774 646\t\t\t\t\t<\/p>\n\t\t\t\t\n\t\t\t<\/div>\n\t\t\t\n\t\t<\/div>\n\t\t\t\t\t\t<\/div>\n\t\t\t\t<\/div>\n\t\t\t\t<div class=\"elementor-element elementor-element-086724e elementor-view-stacked elementor-shape-circle elementor-widget elementor-widget-icon\" data-id=\"086724e\" data-element_type=\"widget\" data-e-type=\"widget\" data-widget_type=\"icon.default\">\n\t\t\t\t<div class=\"elementor-widget-container\">\n\t\t\t\t\t\t\t<div class=\"elementor-icon-wrapper\">\n\t\t\t<div class=\"elementor-icon\">\n\t\t\t<svg aria-hidden=\"true\" class=\"e-font-icon-svg e-far-envelope\" viewbox=\"0 0 512 512\" xmlns=\"http:\/\/www.w3.org\/2000\/svg\"><path d=\"M464 64H48C21.49 64 0 85.49 0 112v288c0 26.51 21.49 48 48 48h416c26.51 0 48-21.49 48-48V112c0-26.51-21.49-48-48-48zm0 48v40.805c-22.422 18.259-58.168 46.651-134.587 106.49-16.841 13.247-50.201 45.072-73.413 44.701-23.208.375-56.579-31.459-73.413-44.701C106.18 199.465 70.425 171.067 48 152.805V112h416zM48 400V214.398c22.914 18.251 55.409 43.862 104.938 82.646 21.857 17.205 60.134 55.186 103.062 54.955 42.717.231 80.509-37.199 103.053-54.947 49.528-38.783 82.032-64.401 104.947-82.653V400H48z\"><\/path><\/svg>\t\t\t<\/div>\n\t\t<\/div>\n\t\t\t\t\t\t<\/div>\n\t\t\t\t<\/div>\n\t\t\t\t<div class=\"elementor-element elementor-element-71c6c56 elementor-widget elementor-widget-icon-box\" data-id=\"71c6c56\" data-element_type=\"widget\" data-e-type=\"widget\" data-widget_type=\"icon-box.default\">\n\t\t\t\t<div class=\"elementor-widget-container\">\n\t\t\t\t\t\t\t<div class=\"elementor-icon-box-wrapper\">\n\n\t\t\t\n\t\t\t\t\t\t<div class=\"elementor-icon-box-content\">\n\n\t\t\t\t\t\t\t\t\t<h3 class=\"elementor-icon-box-title\">\n\t\t\t\t\t\t<a href=\"mailto:hola@avence.es\" target=\"_blank\" >\n\t\t\t\t\t\t\tEmail\t\t\t\t\t\t<\/a>\n\t\t\t\t\t<\/h3>\n\t\t\t\t\n\t\t\t\t\t\t\t\t\t<p class=\"elementor-icon-box-description\">\n\t\t\t\t\t\thola@avence.es\t\t\t\t\t<\/p>\n\t\t\t\t\n\t\t\t<\/div>\n\t\t\t\n\t\t<\/div>\n\t\t\t\t\t\t<\/div>\n\t\t\t\t<\/div>\n\t\t\t\t<div class=\"elementor-element elementor-element-e063c50 elementor-view-stacked elementor-shape-circle elementor-widget elementor-widget-icon\" data-id=\"e063c50\" data-element_type=\"widget\" data-e-type=\"widget\" data-widget_type=\"icon.default\">\n\t\t\t\t<div class=\"elementor-widget-container\">\n\t\t\t\t\t\t\t<div class=\"elementor-icon-wrapper\">\n\t\t\t<div class=\"elementor-icon\">\n\t\t\t<svg aria-hidden=\"true\" class=\"e-font-icon-svg e-fas-map-marker-alt\" viewbox=\"0 0 384 512\" xmlns=\"http:\/\/www.w3.org\/2000\/svg\"><path d=\"M172.268 501.67C26.97 291.031 0 269.413 0 192 0 85.961 85.961 0 192 0s192 85.961 192 192c0 77.413-26.97 99.031-172.268 309.67-9.535 13.774-29.93 13.773-39.464 0zM192 272c44.183 0 80-35.817 80-80s-35.817-80-80-80-80 35.817-80 80 35.817 80 80 80z\"><\/path><\/svg>\t\t\t<\/div>\n\t\t<\/div>\n\t\t\t\t\t\t<\/div>\n\t\t\t\t<\/div>\n\t\t\t\t<div class=\"elementor-element elementor-element-d383393 elementor-widget elementor-widget-icon-box\" data-id=\"d383393\" data-element_type=\"widget\" data-e-type=\"widget\" data-widget_type=\"icon-box.default\">\n\t\t\t\t<div class=\"elementor-widget-container\">\n\t\t\t\t\t\t\t<div class=\"elementor-icon-box-wrapper\">\n\n\t\t\t\n\t\t\t\t\t\t<div class=\"elementor-icon-box-content\">\n\n\t\t\t\t\t\t\t\t\t<h3 class=\"elementor-icon-box-title\">\n\t\t\t\t\t\t<a href=\"https:\/\/www.google.com\/maps?ll=37.992927,-1.12179&#038;z=14&#038;t=m&#038;hl=es-ES&#038;gl=US&#038;mapclient=embed&#038;cid=8041325500540886479\" target=\"_blank\" >\n\t\t\t\t\t\t\tLocation\t\t\t\t\t\t<\/a>\n\t\t\t\t\t<\/h3>\n\t\t\t\t\n\t\t\t\t\t\t\t\t\t<p class=\"elementor-icon-box-description\">\n\t\t\t\t\t\tC\/ Calle Alonso de Ojeda, 1\n30007 Murcia\t\t\t\t\t<\/p>\n\t\t\t\t\n\t\t\t<\/div>\n\t\t\t\n\t\t<\/div>\n\t\t\t\t\t\t<\/div>\n\t\t\t\t<\/div>\n\t\t\t\t<\/div>\n\t\t\t\t\t<\/div>\n\t\t\t\t<\/div>\n\t\t\t\t\t<\/div>\n\t\t<\/div>\n\t\t\t\t<div class=\"elementor-column elementor-col-50 elementor-top-column elementor-element elementor-element-511d9797 elementor-invisible\" data-id=\"511d9797\" data-element_type=\"column\" data-e-type=\"column\" data-settings=\"{&quot;animation&quot;:&quot;fadeIn&quot;,&quot;animation_delay&quot;:200}\">\n\t\t\t<div class=\"elementor-widget-wrap elementor-element-populated\">\n\t\t\t\t\t\t<div class=\"elementor-element elementor-element-254d3b45 elementor-widget elementor-widget-google_maps\" data-id=\"254d3b45\" data-element_type=\"widget\" data-e-type=\"widget\" data-widget_type=\"google_maps.default\">\n\t\t\t\t<div class=\"elementor-widget-container\">\n\t\t\t\t\t\t\t<div class=\"elementor-custom-embed\">\n\t\t\t<iframe loading=\"lazy\"\n\t\t\t\t\tsrc=\"https:\/\/maps.google.com\/maps?q=C.%20Alonso%20de%20Ojeda%2C%201%2C%2030007%20Murcia%2C%20Espa%C3%B1a&#038;t=m&#038;z=14&#038;output=embed&#038;iwloc=near\"\n\t\t\t\t\ttitle=\"C. Alonso de Ojeda, 1, 30007 Murcia, Spain\"\n\t\t\t\t\taria-label=\"C. Alonso de Ojeda, 1, 30007 Murcia, Spain\"\n\t\t\t><\/iframe>\n\t\t<\/div>\n\t\t\t\t\t\t<\/div>\n\t\t\t\t<\/div>\n\t\t\t\t\t<\/div>\n\t\t<\/div>\n\t\t\t\t\t<\/div>\n\t\t<\/section>\n\t\t\t\t<\/div>","protected":false},"excerpt":{"rendered":"<p>Cont\u00e1ctanos Hablanos y te ayudaremos Horario de atenci\u00f3n telef\u00f3nica De lunes a viernes De 9.30-13.30 16:00-20:00 &nbsp; Tel\u00e9fono (+34) 676 774 646 Email hola@avence.es Ubicaci\u00f3n C\/ Calle Alonso de Ojeda, 1 30007 Murcia &nbsp; Tel\u00e9fono (+34) 676 774 646 &nbsp; Email hola@avence.es &nbsp; Ubicaci\u00f3n C\/ Calle Alonso de Ojeda, 1 30007 Murcia<\/p>","protected":false},"author":2,"featured_media":117,"parent":0,"menu_order":0,"comment_status":"closed","ping_status":"closed","template":"elementor_header_footer","meta":{"_joinchat":[],"footnotes":""},"class_list":["post-131","page","type-page","status-publish","has-post-thumbnail","hentry"],"yoast_head":"<!-- This site is optimized with the Yoast SEO plugin v27.5 - https:\/\/yoast.com\/product\/yoast-seo-wordpress\/ -->\n<title>Cl\u00ednica Avence - Agenda tu Consulta Gratuita en Murcia<\/title>\n<meta name=\"description\" content=\"Reserva tu cita con nuestros especialistas en salud vascular y da el primer paso hacia piernas saludables. Primera consulta gratuita. \u00a1Te esperamos en Murcia!\" \/>\n<meta name=\"robots\" content=\"index, follow, max-snippet:-1, max-image-preview:large, max-video-preview:-1\" \/>\n<link rel=\"canonical\" href=\"https:\/\/avence.es\/en\/solicitar-cita\/\" \/>\n<meta property=\"og:locale\" content=\"en_GB\" \/>\n<meta property=\"og:type\" content=\"article\" \/>\n<meta property=\"og:title\" content=\"Cl\u00ednica Avence - Agenda tu Consulta Gratuita en Murcia\" \/>\n<meta property=\"og:description\" content=\"Reserva tu cita con nuestros especialistas en salud vascular y da el primer paso hacia piernas saludables. Primera consulta gratuita. \u00a1Te esperamos en Murcia!\" \/>\n<meta property=\"og:url\" content=\"https:\/\/avence.es\/en\/solicitar-cita\/\" \/>\n<meta property=\"og:site_name\" content=\"Avence\" \/>\n<meta property=\"article:modified_time\" content=\"2025-11-28T12:29:04+00:00\" \/>\n<meta property=\"og:image\" content=\"https:\/\/avence.es\/wp-content\/uploads\/2025\/01\/portrait-of-a-female-afro-american-doctor-using-he-68WZY83.jpg\" \/>\n\t<meta property=\"og:image:width\" content=\"2400\" \/>\n\t<meta property=\"og:image:height\" content=\"1600\" \/>\n\t<meta property=\"og:image:type\" content=\"image\/jpeg\" \/>\n<meta name=\"twitter:card\" content=\"summary_large_image\" \/>\n<meta name=\"twitter:label1\" content=\"Estimated reading time\" \/>\n\t<meta name=\"twitter:data1\" content=\"1 minute\" \/>\n<script type=\"application\/ld+json\" class=\"yoast-schema-graph\">{\"@context\":\"https:\\\/\\\/schema.org\",\"@graph\":[{\"@type\":\"WebPage\",\"@id\":\"https:\\\/\\\/avence.es\\\/solicitar-cita\\\/\",\"url\":\"https:\\\/\\\/avence.es\\\/solicitar-cita\\\/\",\"name\":\"Cl\u00ednica Avence - Agenda tu Consulta Gratuita en Murcia\",\"isPartOf\":{\"@id\":\"https:\\\/\\\/avence.es\\\/#website\"},\"primaryImageOfPage\":{\"@id\":\"https:\\\/\\\/avence.es\\\/solicitar-cita\\\/#primaryimage\"},\"image\":{\"@id\":\"https:\\\/\\\/avence.es\\\/solicitar-cita\\\/#primaryimage\"},\"thumbnailUrl\":\"https:\\\/\\\/avence.es\\\/wp-content\\\/uploads\\\/2025\\\/01\\\/portrait-of-a-female-afro-american-doctor-using-he-68WZY83.jpg\",\"datePublished\":\"2025-01-30T16:12:58+00:00\",\"dateModified\":\"2025-11-28T12:29:04+00:00\",\"description\":\"Reserva tu cita con nuestros especialistas en salud vascular y da el primer paso hacia piernas saludables. Primera consulta gratuita. \u00a1Te esperamos en Murcia!\",\"breadcrumb\":{\"@id\":\"https:\\\/\\\/avence.es\\\/solicitar-cita\\\/#breadcrumb\"},\"inLanguage\":\"en-GB\",\"potentialAction\":[{\"@type\":\"ReadAction\",\"target\":[\"https:\\\/\\\/avence.es\\\/solicitar-cita\\\/\"]}]},{\"@type\":\"ImageObject\",\"inLanguage\":\"en-GB\",\"@id\":\"https:\\\/\\\/avence.es\\\/solicitar-cita\\\/#primaryimage\",\"url\":\"https:\\\/\\\/avence.es\\\/wp-content\\\/uploads\\\/2025\\\/01\\\/portrait-of-a-female-afro-american-doctor-using-he-68WZY83.jpg\",\"contentUrl\":\"https:\\\/\\\/avence.es\\\/wp-content\\\/uploads\\\/2025\\\/01\\\/portrait-of-a-female-afro-american-doctor-using-he-68WZY83.jpg\",\"width\":2400,\"height\":1600},{\"@type\":\"BreadcrumbList\",\"@id\":\"https:\\\/\\\/avence.es\\\/solicitar-cita\\\/#breadcrumb\",\"itemListElement\":[{\"@type\":\"ListItem\",\"position\":1,\"name\":\"Portada\",\"item\":\"https:\\\/\\\/avence.es\\\/\"},{\"@type\":\"ListItem\",\"position\":2,\"name\":\"Solicitar cita\"}]},{\"@type\":\"WebSite\",\"@id\":\"https:\\\/\\\/avence.es\\\/#website\",\"url\":\"https:\\\/\\\/avence.es\\\/\",\"name\":\"Avence\",\"description\":\"\",\"publisher\":{\"@id\":\"https:\\\/\\\/avence.es\\\/#organization\"},\"potentialAction\":[{\"@type\":\"SearchAction\",\"target\":{\"@type\":\"EntryPoint\",\"urlTemplate\":\"https:\\\/\\\/avence.es\\\/?s={search_term_string}\"},\"query-input\":{\"@type\":\"PropertyValueSpecification\",\"valueRequired\":true,\"valueName\":\"search_term_string\"}}],\"inLanguage\":\"en-GB\"},{\"@type\":\"Organization\",\"@id\":\"https:\\\/\\\/avence.es\\\/#organization\",\"name\":\"Avence\",\"url\":\"https:\\\/\\\/avence.es\\\/\",\"logo\":{\"@type\":\"ImageObject\",\"inLanguage\":\"en-GB\",\"@id\":\"https:\\\/\\\/avence.es\\\/#\\\/schema\\\/logo\\\/image\\\/\",\"url\":\"https:\\\/\\\/avence.es\\\/wp-content\\\/uploads\\\/2025\\\/01\\\/image-13.png\",\"contentUrl\":\"https:\\\/\\\/avence.es\\\/wp-content\\\/uploads\\\/2025\\\/01\\\/image-13.png\",\"width\":1286,\"height\":265,\"caption\":\"Avence\"},\"image\":{\"@id\":\"https:\\\/\\\/avence.es\\\/#\\\/schema\\\/logo\\\/image\\\/\"}}]}<\/script>\n<!-- \/ Yoast SEO plugin. -->","yoast_head_json":{"title":"Cl\u00ednica Avence - Agenda tu Consulta Gratuita en Murcia","description":"Reserva tu cita con nuestros especialistas en salud vascular y da el primer paso hacia piernas saludables. Primera consulta gratuita. \u00a1Te esperamos en Murcia!","robots":{"index":"index","follow":"follow","max-snippet":"max-snippet:-1","max-image-preview":"max-image-preview:large","max-video-preview":"max-video-preview:-1"},"canonical":"https:\/\/avence.es\/en\/solicitar-cita\/","og_locale":"en_GB","og_type":"article","og_title":"Cl\u00ednica Avence - Agenda tu Consulta Gratuita en Murcia","og_description":"Reserva tu cita con nuestros especialistas en salud vascular y da el primer paso hacia piernas saludables. Primera consulta gratuita. \u00a1Te esperamos en Murcia!","og_url":"https:\/\/avence.es\/en\/solicitar-cita\/","og_site_name":"Avence","article_modified_time":"2025-11-28T12:29:04+00:00","og_image":[{"width":2400,"height":1600,"url":"https:\/\/avence.es\/wp-content\/uploads\/2025\/01\/portrait-of-a-female-afro-american-doctor-using-he-68WZY83.jpg","type":"image\/jpeg"}],"twitter_card":"summary_large_image","twitter_misc":{"Estimated reading time":"1 minute"},"schema":{"@context":"https:\/\/schema.org","@graph":[{"@type":"WebPage","@id":"https:\/\/avence.es\/solicitar-cita\/","url":"https:\/\/avence.es\/solicitar-cita\/","name":"Cl\u00ednica Avence - Agenda tu Consulta Gratuita en Murcia","isPartOf":{"@id":"https:\/\/avence.es\/#website"},"primaryImageOfPage":{"@id":"https:\/\/avence.es\/solicitar-cita\/#primaryimage"},"image":{"@id":"https:\/\/avence.es\/solicitar-cita\/#primaryimage"},"thumbnailUrl":"https:\/\/avence.es\/wp-content\/uploads\/2025\/01\/portrait-of-a-female-afro-american-doctor-using-he-68WZY83.jpg","datePublished":"2025-01-30T16:12:58+00:00","dateModified":"2025-11-28T12:29:04+00:00","description":"Reserva tu cita con nuestros especialistas en salud vascular y da el primer paso hacia piernas saludables. Primera consulta gratuita. \u00a1Te esperamos en Murcia!","breadcrumb":{"@id":"https:\/\/avence.es\/solicitar-cita\/#breadcrumb"},"inLanguage":"en-GB","potentialAction":[{"@type":"ReadAction","target":["https:\/\/avence.es\/solicitar-cita\/"]}]},{"@type":"ImageObject","inLanguage":"en-GB","@id":"https:\/\/avence.es\/solicitar-cita\/#primaryimage","url":"https:\/\/avence.es\/wp-content\/uploads\/2025\/01\/portrait-of-a-female-afro-american-doctor-using-he-68WZY83.jpg","contentUrl":"https:\/\/avence.es\/wp-content\/uploads\/2025\/01\/portrait-of-a-female-afro-american-doctor-using-he-68WZY83.jpg","width":2400,"height":1600},{"@type":"BreadcrumbList","@id":"https:\/\/avence.es\/solicitar-cita\/#breadcrumb","itemListElement":[{"@type":"ListItem","position":1,"name":"Portada","item":"https:\/\/avence.es\/"},{"@type":"ListItem","position":2,"name":"Solicitar cita"}]},{"@type":"WebSite","@id":"https:\/\/avence.es\/#website","url":"https:\/\/avence.es\/","name":"Avence","description":"","publisher":{"@id":"https:\/\/avence.es\/#organization"},"potentialAction":[{"@type":"SearchAction","target":{"@type":"EntryPoint","urlTemplate":"https:\/\/avence.es\/?s={search_term_string}"},"query-input":{"@type":"PropertyValueSpecification","valueRequired":true,"valueName":"search_term_string"}}],"inLanguage":"en-GB"},{"@type":"Organization","@id":"https:\/\/avence.es\/#organization","name":"Avence","url":"https:\/\/avence.es\/","logo":{"@type":"ImageObject","inLanguage":"en-GB","@id":"https:\/\/avence.es\/#\/schema\/logo\/image\/","url":"https:\/\/avence.es\/wp-content\/uploads\/2025\/01\/image-13.png","contentUrl":"https:\/\/avence.es\/wp-content\/uploads\/2025\/01\/image-13.png","width":1286,"height":265,"caption":"Avence"},"image":{"@id":"https:\/\/avence.es\/#\/schema\/logo\/image\/"}}]}},"_links":{"self":[{"href":"https:\/\/avence.es\/en\/wp-json\/wp\/v2\/pages\/131","targetHints":{"allow":["GET"]}}],"collection":[{"href":"https:\/\/avence.es\/en\/wp-json\/wp\/v2\/pages"}],"about":[{"href":"https:\/\/avence.es\/en\/wp-json\/wp\/v2\/types\/page"}],"author":[{"embeddable":true,"href":"https:\/\/avence.es\/en\/wp-json\/wp\/v2\/users\/2"}],"replies":[{"embeddable":true,"href":"https:\/\/avence.es\/en\/wp-json\/wp\/v2\/comments?post=131"}],"version-history":[{"count":48,"href":"https:\/\/avence.es\/en\/wp-json\/wp\/v2\/pages\/131\/revisions"}],"predecessor-version":[{"id":1376,"href":"https:\/\/avence.es\/en\/wp-json\/wp\/v2\/pages\/131\/revisions\/1376"}],"wp:featuredmedia":[{"embeddable":true,"href":"https:\/\/avence.es\/en\/wp-json\/wp\/v2\/media\/117"}],"wp:attachment":[{"href":"https:\/\/avence.es\/en\/wp-json\/wp\/v2\/media?parent=131"}],"curies":[{"name":"wp","href":"https:\/\/api.w.org\/{rel}","templated":true}]}}