{"id":125,"date":"2025-02-05T00:55:51","date_gmt":"2025-02-04T23:55:51","guid":{"rendered":"https:\/\/avence.es\/?page_id=125"},"modified":"2025-02-24T12:09:03","modified_gmt":"2025-02-24T11:09:03","slug":"clinica","status":"publish","type":"page","link":"https:\/\/avence.es\/en\/clinica\/","title":{"rendered":"Clinic"},"content":{"rendered":"<div data-elementor-type=\"wp-page\" data-elementor-id=\"125\" class=\"elementor elementor-125\" data-elementor-post-type=\"page\">\n\t\t\t\t\t\t<section class=\"elementor-section elementor-top-section elementor-element elementor-element-1833558 elementor-section-boxed elementor-section-height-default elementor-section-height-default\" data-id=\"1833558\" data-element_type=\"section\" data-e-type=\"section\" data-settings=\"{&quot;background_background&quot;:&quot;classic&quot;}\">\n\t\t\t\t\t\t\t<div class=\"elementor-background-overlay\"><\/div>\n\t\t\t\t\t\t\t<div class=\"elementor-container elementor-column-gap-default\">\n\t\t\t\t\t<div class=\"elementor-column elementor-col-100 elementor-top-column elementor-element elementor-element-82f71f3\" data-id=\"82f71f3\" data-element_type=\"column\" data-e-type=\"column\">\n\t\t\t<div class=\"elementor-widget-wrap elementor-element-populated\">\n\t\t\t\t\t\t<div class=\"elementor-element elementor-element-fcb4f0c elementor-invisible elementor-widget elementor-widget-heading\" data-id=\"fcb4f0c\" data-element_type=\"widget\" data-e-type=\"widget\" data-settings=\"{&quot;_animation&quot;:&quot;fadeInUp&quot;}\" data-widget_type=\"heading.default\">\n\t\t\t\t<div class=\"elementor-widget-container\">\n\t\t\t\t\t<h1 class=\"elementor-heading-title elementor-size-default\">SPACE\nAVENCE<\/h1>\t\t\t\t<\/div>\n\t\t\t\t<\/div>\n\t\t\t\t\t<\/div>\n\t\t<\/div>\n\t\t\t\t\t<\/div>\n\t\t<\/section>\n\t\t<div class=\"elementor-element elementor-element-3db04c8 e-flex e-con-boxed e-con e-parent\" data-id=\"3db04c8\" data-element_type=\"container\" data-e-type=\"container\">\n\t\t\t\t\t<div class=\"e-con-inner\">\n\t\t<div class=\"elementor-element elementor-element-03308f8 e-con-full e-flex e-con e-child\" data-id=\"03308f8\" data-element_type=\"container\" data-e-type=\"container\">\n\t\t\t\t<div class=\"elementor-element elementor-element-fdc4522 elementor-invisible elementor-widget elementor-widget-text-editor\" data-id=\"fdc4522\" data-element_type=\"widget\" data-e-type=\"widget\" data-settings=\"{&quot;_animation&quot;:&quot;fadeInUp&quot;}\" data-widget_type=\"text-editor.default\">\n\t\t\t\t<div class=\"elementor-widget-container\">\n\t\t\t\t\t\t\t\t\t<p>Our Space<\/p>\t\t\t\t\t\t\t\t<\/div>\n\t\t\t\t<\/div>\n\t\t\t\t<div class=\"elementor-element elementor-element-3b9ffee elementor-invisible elementor-widget elementor-widget-heading\" data-id=\"3b9ffee\" data-element_type=\"widget\" data-e-type=\"widget\" data-settings=\"{&quot;_animation&quot;:&quot;fadeInUp&quot;}\" data-widget_type=\"heading.default\">\n\t\t\t\t<div class=\"elementor-widget-container\">\n\t\t\t\t\t<h2 class=\"elementor-heading-title elementor-size-default\">Get to know our clinic<\/h2>\t\t\t\t<\/div>\n\t\t\t\t<\/div>\n\t\t\t\t<div class=\"elementor-element elementor-element-290f1f9 elementor-invisible elementor-widget elementor-widget-text-editor\" data-id=\"290f1f9\" data-element_type=\"widget\" data-e-type=\"widget\" data-settings=\"{&quot;_animation&quot;:&quot;fadeInUp&quot;,&quot;_animation_delay&quot;:200}\" data-widget_type=\"text-editor.default\">\n\t\t\t\t<div class=\"elementor-widget-container\">\n\t\t\t\t\t\t\t\t\t<p>Life constantly puts us to the test. Obstacles and adversities that slow us down, detract from us and stop our flow.<\/p><p>It is our ability to overcome these barriers that define and sculpt our character and identity. But it is not always easy to find the right answers in an environment that moves at a frenetic pace and is saturated with possibilities.<\/p><p>In this context and inspired by honesty and resilience, Avence offers a personalised commitment to each case. A consolidated team of 6 highly qualified professionals in venous pathology helps you to make conscious decisions.<\/p><p>A team to beat.<\/p>\t\t\t\t\t\t\t\t<\/div>\n\t\t\t\t<\/div>\n\t\t\t\t<div class=\"elementor-element elementor-element-2bf0096 elementor-tablet-align-center elementor-align-center elementor-widget__width-initial elementor-invisible elementor-widget elementor-widget-button\" data-id=\"2bf0096\" data-element_type=\"widget\" data-e-type=\"widget\" data-settings=\"{&quot;_animation&quot;:&quot;fadeInUp&quot;,&quot;_animation_delay&quot;:600}\" data-widget_type=\"button.default\">\n\t\t\t\t<div class=\"elementor-widget-container\">\n\t\t\t\t\t\t\t\t\t<div class=\"elementor-button-wrapper\">\n\t\t\t\t\t<a class=\"elementor-button elementor-button-link elementor-size-sm\" href=\"https:\/\/avence.es\/en\/solicitar-cita\/\">\n\t\t\t\t\t\t<span class=\"elementor-button-content-wrapper\">\n\t\t\t\t\t\t\t\t\t<span class=\"elementor-button-text\">Request an appointment<\/span>\n\t\t\t\t\t<\/span>\n\t\t\t\t\t<\/a>\n\t\t\t\t<\/div>\n\t\t\t\t\t\t\t\t<\/div>\n\t\t\t\t<\/div>\n\t\t\t\t<\/div>\n\t\t\t\t\t<\/div>\n\t\t\t\t<\/div>\n\t\t<div class=\"elementor-element elementor-element-a1ecad0 e-con-full e-flex e-con e-parent\" data-id=\"a1ecad0\" data-element_type=\"container\" data-e-type=\"container\" data-settings=\"{&quot;background_background&quot;:&quot;classic&quot;}\">\n\t\t\t\t<div class=\"elementor-element elementor-element-8a6945b elementor-arrows-position-inside elementor-widget elementor-widget-image-carousel\" data-id=\"8a6945b\" data-element_type=\"widget\" data-e-type=\"widget\" data-settings=\"{&quot;slides_to_show&quot;:&quot;3&quot;,&quot;navigation&quot;:&quot;arrows&quot;,&quot;autoplay&quot;:&quot;yes&quot;,&quot;pause_on_hover&quot;:&quot;yes&quot;,&quot;pause_on_interaction&quot;:&quot;yes&quot;,&quot;autoplay_speed&quot;:5000,&quot;infinite&quot;:&quot;yes&quot;,&quot;speed&quot;:500}\" data-widget_type=\"image-carousel.default\">\n\t\t\t\t<div class=\"elementor-widget-container\">\n\t\t\t\t\t\t\t<div class=\"elementor-image-carousel-wrapper swiper\" role=\"region\" aria-roledescription=\"carousel\" aria-label=\"Carousel of images\" dir=\"ltr\">\n\t\t\t<div class=\"elementor-image-carousel swiper-wrapper\" aria-live=\"off\">\n\t\t\t\t\t\t\t\t<div class=\"swiper-slide\" role=\"group\" aria-roledescription=\"slide\" aria-label=\"1 of 7\"><figure class=\"swiper-slide-inner\"><img decoding=\"async\" class=\"swiper-slide-image\" src=\"https:\/\/avence.es\/wp-content\/uploads\/2025\/02\/1.jpg\" alt=\"1\" \/><\/figure><\/div><div class=\"swiper-slide\" role=\"group\" aria-roledescription=\"slide\" aria-label=\"2 of 7\"><figure class=\"swiper-slide-inner\"><img decoding=\"async\" class=\"swiper-slide-image\" src=\"https:\/\/avence.es\/wp-content\/uploads\/2025\/02\/2.jpg\" alt=\"2\" \/><\/figure><\/div><div class=\"swiper-slide\" role=\"group\" aria-roledescription=\"slide\" aria-label=\"3 of 7\"><figure class=\"swiper-slide-inner\"><img decoding=\"async\" class=\"swiper-slide-image\" src=\"https:\/\/avence.es\/wp-content\/uploads\/2025\/02\/3.jpg\" alt=\"3\" \/><\/figure><\/div><div class=\"swiper-slide\" role=\"group\" aria-roledescription=\"slide\" aria-label=\"4 of 7\"><figure class=\"swiper-slide-inner\"><img decoding=\"async\" class=\"swiper-slide-image\" src=\"https:\/\/avence.es\/wp-content\/uploads\/2025\/02\/4.jpg\" alt=\"4\" \/><\/figure><\/div><div class=\"swiper-slide\" role=\"group\" aria-roledescription=\"slide\" aria-label=\"5 of 7\"><figure class=\"swiper-slide-inner\"><img decoding=\"async\" class=\"swiper-slide-image\" src=\"https:\/\/avence.es\/wp-content\/uploads\/2025\/02\/5.jpg\" alt=\"5\" \/><\/figure><\/div><div class=\"swiper-slide\" role=\"group\" aria-roledescription=\"slide\" aria-label=\"6 of 7\"><figure class=\"swiper-slide-inner\"><img decoding=\"async\" class=\"swiper-slide-image\" src=\"https:\/\/avence.es\/wp-content\/uploads\/2025\/02\/Adobe-Express-file-33.jpg\" alt=\"Adobe Express - file (33)\" \/><\/figure><\/div><div class=\"swiper-slide\" role=\"group\" aria-roledescription=\"slide\" aria-label=\"7 of 7\"><figure class=\"swiper-slide-inner\"><img decoding=\"async\" class=\"swiper-slide-image\" src=\"https:\/\/avence.es\/wp-content\/uploads\/2025\/02\/Adobe-Express-file-32.jpg\" alt=\"Adobe Express - file (32)\" \/><\/figure><\/div>\t\t\t<\/div>\n\t\t\t\t\t\t\t\t\t\t\t\t<div class=\"elementor-swiper-button elementor-swiper-button-prev\" role=\"button\" tabindex=\"0\">\n\t\t\t\t\t\t<svg aria-hidden=\"true\" class=\"e-font-icon-svg e-eicon-chevron-left\" viewbox=\"0 0 1000 1000\" xmlns=\"http:\/\/www.w3.org\/2000\/svg\"><path d=\"M646 125C629 125 613 133 604 142L308 442C296 454 292 471 292 487 292 504 296 521 308 533L604 854C617 867 629 875 646 875 663 875 679 871 692 858 704 846 713 829 713 812 713 796 708 779 692 767L438 487 692 225C700 217 708 204 708 187 708 171 704 154 692 142 675 129 663 125 646 125Z\"><\/path><\/svg>\t\t\t\t\t<\/div>\n\t\t\t\t\t<div class=\"elementor-swiper-button elementor-swiper-button-next\" role=\"button\" tabindex=\"0\">\n\t\t\t\t\t\t<svg aria-hidden=\"true\" class=\"e-font-icon-svg e-eicon-chevron-right\" viewbox=\"0 0 1000 1000\" xmlns=\"http:\/\/www.w3.org\/2000\/svg\"><path d=\"M696 533C708 521 713 504 713 487 713 471 708 454 696 446L400 146C388 133 375 125 354 125 338 125 325 129 313 142 300 154 292 171 292 187 292 204 296 221 308 233L563 492 304 771C292 783 288 800 288 817 288 833 296 850 308 863 321 871 338 875 354 875 371 875 388 867 400 854L696 533Z\"><\/path><\/svg>\t\t\t\t\t<\/div>\n\t\t\t\t\n\t\t\t\t\t\t\t\t\t<\/div>\n\t\t\t\t\t\t<\/div>\n\t\t\t\t<\/div>\n\t\t\t\t<\/div>\n\t\t\t\t<\/div>","protected":false},"excerpt":{"rendered":"<p>ESPACIO AVENCE Nuestro Espacio Conoce nuestra cl\u00ednica La vida nos pone a prueba de forma constante. Obst\u00e1culos y adversidades que nos frenan, nos restan y detienen nuestro flujo. Es nuestra capacidad de superar esas barreras las que definen y esculpen nuestro car\u00e1cter y nuestra identidad. Pero no siempre es sencillo encontrar las respuestas correctas en [&hellip;]<\/p>\n","protected":false},"author":2,"featured_media":534,"parent":0,"menu_order":0,"comment_status":"closed","ping_status":"closed","template":"elementor_header_footer","meta":{"_joinchat":[],"footnotes":""},"class_list":["post-125","page","type-page","status-publish","has-post-thumbnail","hentry"],"yoast_head":"<!-- This site is optimized with the Yoast SEO plugin v27.5 - https:\/\/yoast.com\/product\/yoast-seo-wordpress\/ -->\n<title>Cl\u00ednica Avence - Compromiso y Excelencia en Flebolog\u00eda<\/title>\n<meta name=\"description\" content=\"En Avence, nuestro equipo de especialistas en patolog\u00eda venosa trabaja con honestidad y dedicaci\u00f3n para ofrecer soluciones seguras y eficaces a cada paciente.\" \/>\n<meta name=\"robots\" content=\"index, follow, max-snippet:-1, max-image-preview:large, max-video-preview:-1\" \/>\n<link rel=\"canonical\" href=\"https:\/\/avence.es\/en\/clinica\/\" \/>\n<meta property=\"og:locale\" content=\"en_GB\" \/>\n<meta property=\"og:type\" content=\"article\" \/>\n<meta property=\"og:title\" content=\"Cl\u00ednica Avence - Compromiso y Excelencia en Flebolog\u00eda\" \/>\n<meta property=\"og:description\" content=\"En Avence, nuestro equipo de especialistas en patolog\u00eda venosa trabaja con honestidad y dedicaci\u00f3n para ofrecer soluciones seguras y eficaces a cada paciente.\" \/>\n<meta property=\"og:url\" content=\"https:\/\/avence.es\/en\/clinica\/\" \/>\n<meta property=\"og:site_name\" content=\"Avence\" \/>\n<meta property=\"article:modified_time\" content=\"2025-02-24T11:09:03+00:00\" \/>\n<meta property=\"og:image\" content=\"https:\/\/avence.es\/wp-content\/uploads\/2025\/02\/Adobe-Express-file-33.jpg\" \/>\n\t<meta property=\"og:image:width\" content=\"1000\" \/>\n\t<meta property=\"og:image:height\" content=\"600\" \/>\n\t<meta property=\"og:image:type\" content=\"image\/jpeg\" \/>\n<meta name=\"twitter:card\" content=\"summary_large_image\" \/>\n<meta name=\"twitter:label1\" content=\"Estimated reading time\" \/>\n\t<meta name=\"twitter:data1\" content=\"3 minutes\" \/>\n<script type=\"application\/ld+json\" class=\"yoast-schema-graph\">{\"@context\":\"https:\\\/\\\/schema.org\",\"@graph\":[{\"@type\":\"WebPage\",\"@id\":\"https:\\\/\\\/avence.es\\\/clinica\\\/\",\"url\":\"https:\\\/\\\/avence.es\\\/clinica\\\/\",\"name\":\"Cl\u00ednica Avence - Compromiso y Excelencia en Flebolog\u00eda\",\"isPartOf\":{\"@id\":\"https:\\\/\\\/avence.es\\\/#website\"},\"primaryImageOfPage\":{\"@id\":\"https:\\\/\\\/avence.es\\\/clinica\\\/#primaryimage\"},\"image\":{\"@id\":\"https:\\\/\\\/avence.es\\\/clinica\\\/#primaryimage\"},\"thumbnailUrl\":\"https:\\\/\\\/avence.es\\\/wp-content\\\/uploads\\\/2025\\\/02\\\/Adobe-Express-file-33.jpg\",\"datePublished\":\"2025-02-04T23:55:51+00:00\",\"dateModified\":\"2025-02-24T11:09:03+00:00\",\"description\":\"En Avence, nuestro equipo de especialistas en patolog\u00eda venosa trabaja con honestidad y dedicaci\u00f3n para ofrecer soluciones seguras y eficaces a cada paciente.\",\"breadcrumb\":{\"@id\":\"https:\\\/\\\/avence.es\\\/clinica\\\/#breadcrumb\"},\"inLanguage\":\"en-GB\",\"potentialAction\":[{\"@type\":\"ReadAction\",\"target\":[\"https:\\\/\\\/avence.es\\\/clinica\\\/\"]}]},{\"@type\":\"ImageObject\",\"inLanguage\":\"en-GB\",\"@id\":\"https:\\\/\\\/avence.es\\\/clinica\\\/#primaryimage\",\"url\":\"https:\\\/\\\/avence.es\\\/wp-content\\\/uploads\\\/2025\\\/02\\\/Adobe-Express-file-33.jpg\",\"contentUrl\":\"https:\\\/\\\/avence.es\\\/wp-content\\\/uploads\\\/2025\\\/02\\\/Adobe-Express-file-33.jpg\",\"width\":1000,\"height\":600},{\"@type\":\"BreadcrumbList\",\"@id\":\"https:\\\/\\\/avence.es\\\/clinica\\\/#breadcrumb\",\"itemListElement\":[{\"@type\":\"ListItem\",\"position\":1,\"name\":\"Portada\",\"item\":\"https:\\\/\\\/avence.es\\\/\"},{\"@type\":\"ListItem\",\"position\":2,\"name\":\"Cl\u00ednica\"}]},{\"@type\":\"WebSite\",\"@id\":\"https:\\\/\\\/avence.es\\\/#website\",\"url\":\"https:\\\/\\\/avence.es\\\/\",\"name\":\"Avence\",\"description\":\"\",\"publisher\":{\"@id\":\"https:\\\/\\\/avence.es\\\/#organization\"},\"potentialAction\":[{\"@type\":\"SearchAction\",\"target\":{\"@type\":\"EntryPoint\",\"urlTemplate\":\"https:\\\/\\\/avence.es\\\/?s={search_term_string}\"},\"query-input\":{\"@type\":\"PropertyValueSpecification\",\"valueRequired\":true,\"valueName\":\"search_term_string\"}}],\"inLanguage\":\"en-GB\"},{\"@type\":\"Organization\",\"@id\":\"https:\\\/\\\/avence.es\\\/#organization\",\"name\":\"Avence\",\"url\":\"https:\\\/\\\/avence.es\\\/\",\"logo\":{\"@type\":\"ImageObject\",\"inLanguage\":\"en-GB\",\"@id\":\"https:\\\/\\\/avence.es\\\/#\\\/schema\\\/logo\\\/image\\\/\",\"url\":\"https:\\\/\\\/avence.es\\\/wp-content\\\/uploads\\\/2025\\\/01\\\/image-13.png\",\"contentUrl\":\"https:\\\/\\\/avence.es\\\/wp-content\\\/uploads\\\/2025\\\/01\\\/image-13.png\",\"width\":1286,\"height\":265,\"caption\":\"Avence\"},\"image\":{\"@id\":\"https:\\\/\\\/avence.es\\\/#\\\/schema\\\/logo\\\/image\\\/\"}}]}<\/script>\n<!-- \/ Yoast SEO plugin. -->","yoast_head_json":{"title":"Cl\u00ednica Avence - Compromiso y Excelencia en Flebolog\u00eda","description":"En Avence, nuestro equipo de especialistas en patolog\u00eda venosa trabaja con honestidad y dedicaci\u00f3n para ofrecer soluciones seguras y eficaces a cada paciente.","robots":{"index":"index","follow":"follow","max-snippet":"max-snippet:-1","max-image-preview":"max-image-preview:large","max-video-preview":"max-video-preview:-1"},"canonical":"https:\/\/avence.es\/en\/clinica\/","og_locale":"en_GB","og_type":"article","og_title":"Cl\u00ednica Avence - Compromiso y Excelencia en Flebolog\u00eda","og_description":"En Avence, nuestro equipo de especialistas en patolog\u00eda venosa trabaja con honestidad y dedicaci\u00f3n para ofrecer soluciones seguras y eficaces a cada paciente.","og_url":"https:\/\/avence.es\/en\/clinica\/","og_site_name":"Avence","article_modified_time":"2025-02-24T11:09:03+00:00","og_image":[{"width":1000,"height":600,"url":"https:\/\/avence.es\/wp-content\/uploads\/2025\/02\/Adobe-Express-file-33.jpg","type":"image\/jpeg"}],"twitter_card":"summary_large_image","twitter_misc":{"Estimated reading time":"3 minutes"},"schema":{"@context":"https:\/\/schema.org","@graph":[{"@type":"WebPage","@id":"https:\/\/avence.es\/clinica\/","url":"https:\/\/avence.es\/clinica\/","name":"Cl\u00ednica Avence - Compromiso y Excelencia en Flebolog\u00eda","isPartOf":{"@id":"https:\/\/avence.es\/#website"},"primaryImageOfPage":{"@id":"https:\/\/avence.es\/clinica\/#primaryimage"},"image":{"@id":"https:\/\/avence.es\/clinica\/#primaryimage"},"thumbnailUrl":"https:\/\/avence.es\/wp-content\/uploads\/2025\/02\/Adobe-Express-file-33.jpg","datePublished":"2025-02-04T23:55:51+00:00","dateModified":"2025-02-24T11:09:03+00:00","description":"En Avence, nuestro equipo de especialistas en patolog\u00eda venosa trabaja con honestidad y dedicaci\u00f3n para ofrecer soluciones seguras y eficaces a cada paciente.","breadcrumb":{"@id":"https:\/\/avence.es\/clinica\/#breadcrumb"},"inLanguage":"en-GB","potentialAction":[{"@type":"ReadAction","target":["https:\/\/avence.es\/clinica\/"]}]},{"@type":"ImageObject","inLanguage":"en-GB","@id":"https:\/\/avence.es\/clinica\/#primaryimage","url":"https:\/\/avence.es\/wp-content\/uploads\/2025\/02\/Adobe-Express-file-33.jpg","contentUrl":"https:\/\/avence.es\/wp-content\/uploads\/2025\/02\/Adobe-Express-file-33.jpg","width":1000,"height":600},{"@type":"BreadcrumbList","@id":"https:\/\/avence.es\/clinica\/#breadcrumb","itemListElement":[{"@type":"ListItem","position":1,"name":"Portada","item":"https:\/\/avence.es\/"},{"@type":"ListItem","position":2,"name":"Cl\u00ednica"}]},{"@type":"WebSite","@id":"https:\/\/avence.es\/#website","url":"https:\/\/avence.es\/","name":"Avence","description":"","publisher":{"@id":"https:\/\/avence.es\/#organization"},"potentialAction":[{"@type":"SearchAction","target":{"@type":"EntryPoint","urlTemplate":"https:\/\/avence.es\/?s={search_term_string}"},"query-input":{"@type":"PropertyValueSpecification","valueRequired":true,"valueName":"search_term_string"}}],"inLanguage":"en-GB"},{"@type":"Organization","@id":"https:\/\/avence.es\/#organization","name":"Avence","url":"https:\/\/avence.es\/","logo":{"@type":"ImageObject","inLanguage":"en-GB","@id":"https:\/\/avence.es\/#\/schema\/logo\/image\/","url":"https:\/\/avence.es\/wp-content\/uploads\/2025\/01\/image-13.png","contentUrl":"https:\/\/avence.es\/wp-content\/uploads\/2025\/01\/image-13.png","width":1286,"height":265,"caption":"Avence"},"image":{"@id":"https:\/\/avence.es\/#\/schema\/logo\/image\/"}}]}},"_links":{"self":[{"href":"https:\/\/avence.es\/en\/wp-json\/wp\/v2\/pages\/125","targetHints":{"allow":["GET"]}}],"collection":[{"href":"https:\/\/avence.es\/en\/wp-json\/wp\/v2\/pages"}],"about":[{"href":"https:\/\/avence.es\/en\/wp-json\/wp\/v2\/types\/page"}],"author":[{"embeddable":true,"href":"https:\/\/avence.es\/en\/wp-json\/wp\/v2\/users\/2"}],"replies":[{"embeddable":true,"href":"https:\/\/avence.es\/en\/wp-json\/wp\/v2\/comments?post=125"}],"version-history":[{"count":35,"href":"https:\/\/avence.es\/en\/wp-json\/wp\/v2\/pages\/125\/revisions"}],"predecessor-version":[{"id":1275,"href":"https:\/\/avence.es\/en\/wp-json\/wp\/v2\/pages\/125\/revisions\/1275"}],"wp:featuredmedia":[{"embeddable":true,"href":"https:\/\/avence.es\/en\/wp-json\/wp\/v2\/media\/534"}],"wp:attachment":[{"href":"https:\/\/avence.es\/en\/wp-json\/wp\/v2\/media?parent=125"}],"curies":[{"name":"wp","href":"https:\/\/api.w.org\/{rel}","templated":true}]}}